{"id":4808,"date":"2024-12-12T18:22:19","date_gmt":"2024-12-12T18:22:19","guid":{"rendered":"https:\/\/www.ecogestus.com\/pt\/?page_id=4808"},"modified":"2024-12-12T18:34:52","modified_gmt":"2024-12-12T18:34:52","slug":"politica-de-privacidade","status":"publish","type":"page","link":"https:\/\/www.ecogestus.com\/pt\/politica-de-privacidade\/","title":{"rendered":"Pol\u00edtica de Privacidade"},"content":{"rendered":"\t\t<div data-elementor-type=\"wp-page\" data-elementor-id=\"4808\" class=\"elementor elementor-4808\">\n\t\t\t\t\t\t<section class=\"elementor-section elementor-top-section elementor-element elementor-element-31fb4d8 elementor-section-height-min-height elementor-section-boxed elementor-section-height-default elementor-section-items-middle\" data-id=\"31fb4d8\" data-element_type=\"section\" data-e-type=\"section\" data-settings=\"{&quot;background_background&quot;:&quot;classic&quot;}\">\n\t\t\t\t\t\t<div class=\"elementor-container elementor-column-gap-default\">\n\t\t\t\t\t<div class=\"elementor-column elementor-col-100 elementor-top-column elementor-element elementor-element-65ee9db\" data-id=\"65ee9db\" data-element_type=\"column\" data-e-type=\"column\">\n\t\t\t<div class=\"elementor-widget-wrap elementor-element-populated\">\n\t\t\t\t\t\t<div class=\"elementor-element elementor-element-1860540 elementor-widget elementor-widget-heading\" data-id=\"1860540\" data-element_type=\"widget\" data-e-type=\"widget\" data-widget_type=\"heading.default\">\n\t\t\t\t<div class=\"elementor-widget-container\">\n\t\t\t\t\t<h2 class=\"elementor-heading-title elementor-size-default\">Pol\u00edtica de Privacidade<\/h2>\t\t\t\t<\/div>\n\t\t\t\t<\/div>\n\t\t\t\t\t<\/div>\n\t\t<\/div>\n\t\t\t\t\t<\/div>\n\t\t<\/section>\n\t\t\t\t<section class=\"elementor-section elementor-top-section elementor-element elementor-element-eaeb92f elementor-section-boxed elementor-section-height-default elementor-section-height-default\" data-id=\"eaeb92f\" data-element_type=\"section\" data-e-type=\"section\">\n\t\t\t\t\t\t<div class=\"elementor-container elementor-column-gap-default\">\n\t\t\t\t\t<div class=\"elementor-column elementor-col-100 elementor-top-column elementor-element elementor-element-266e258\" data-id=\"266e258\" data-element_type=\"column\" data-e-type=\"column\">\n\t\t\t<div class=\"elementor-widget-wrap elementor-element-populated\">\n\t\t\t\t\t\t<div class=\"elementor-element elementor-element-47f1fa4 elementor-widget elementor-widget-text-editor\" data-id=\"47f1fa4\" data-element_type=\"widget\" data-e-type=\"widget\" data-widget_type=\"text-editor.default\">\n\t\t\t\t<div class=\"elementor-widget-container\">\n\t\t\t\t\t\t\t\t\t<h3>1. Acesso ao Website<\/h3><p style=\"padding-left: 40px;\">A EcoGestus esfor\u00e7a-se por manter o website acess\u00edvel a todos os seus utilizadores, sem no entanto, ter a obriga\u00e7\u00e3o de o manter sempre dispon\u00edvel. Por necessidade de manuten\u00e7\u00e3o, atualiza\u00e7\u00e3o, ou por qualquer outra raz\u00e3o nomeadamente de ordem t\u00e9cnica, o acesso ao website poder\u00e1 ser interrompido. A EcoGestus n\u00e3o poder\u00e1 de forma alguma ser responsabilizada por essas interrup\u00e7\u00f5es, nem pelas consequ\u00eancias que podem decorrer para o utilizador.<\/p><h3>2. Recolha e Registo de Dados<\/h3><p style=\"padding-left: 40px;\">A EcoGestus est\u00e1 empenhada em proteger a privacidade dos utilizadores do seu site e, como tal, recolhe apenas as informa\u00e7\u00f5es pessoais daqueles que as facultem voluntariamente, e assim tamb\u00e9m, apenas as utiliza para os fins para os quais foram fornecidas.<\/p><p style=\"padding-left: 40px;\">A recolha e tratamento de dados pessoais tem como finalidade o seu uso para contactos por parte da EcoGestus para efeitos de:<br \/>&#8211; Resposta a preenchimento de formul\u00e1rios de contacto presentes no website;<br \/>&#8211; Envio de informa\u00e7\u00f5es de \u00e2mbito generalista e publicit\u00e1rio em rela\u00e7\u00e3o [privacy_at] EcoGestus e aos servi\u00e7os por prestados.<\/p><p style=\"padding-left: 40px;\">Os dados fornecidos est\u00e3o integrados numa base de dados devidamente regularizada junto da EcoGestus.<br \/>Os menores de 18 anos dever\u00e3o obter autoriza\u00e7\u00e3o dos pais ou tutores antes de acederem ou disponibilizarem dados pessoais no site.<\/p><h3>3. Retifica\u00e7\u00e3o ou Elimina\u00e7\u00e3o dos Dados Fornecidos<\/h3><h5 style=\"padding-left: 40px;\">3.1 &#8211; Fornecimento de Dados e Retifica\u00e7\u00e3o<\/h5><p style=\"padding-left: 80px;\">Nos termos da legisla\u00e7\u00e3o aplic\u00e1vel assiste ao utilizador o direito de acesso, retifica\u00e7\u00e3o dos seus dados, ora assim a EcoGestus oferece ao utilizador a possibilidade de requisi\u00e7\u00e3o dos mesmos. A acessibilidade do utilizador aos seus dados \u00e9 garantida ap\u00f3s declara\u00e7\u00e3o expressa do mesmo, seja a solicitar os seus dados ou a sua retifica\u00e7\u00e3o.<\/p><h5 style=\"padding-left: 40px;\">3.2 &#8211; Livre Fornecimento de Dados e Aceita\u00e7\u00e3o da presente Pol\u00edtica de Privacidade<\/h5><p style=\"padding-left: 80px;\">Qualquer utilizador poder\u00e1 livremente optar por fornecer ou n\u00e3o os seus dados.<br \/>O preenchimento de formul\u00e1rios no website \u00e9 tido como indica\u00e7\u00e3o volunt\u00e1ria de dados e \u00e9 entendido como declara\u00e7\u00e3o de aceita\u00e7\u00e3o por parte do utilizador da presente pol\u00edtica de privacidade, bem como do tratamento e armazenagem desses dados, pela EcoGestus, para os fins comerciais a que se destinam.<br \/>Ora, assim, a EcoGestus reserva-se no direito de armazenar e usar os dados fornecidos pelo utilizador at\u00e9 declara\u00e7\u00e3o expressa deste a solicitar a sua elimina\u00e7\u00e3o.<\/p><h5 style=\"padding-left: 40px;\">3.3 &#8211; Elimina\u00e7\u00e3o dos Dados<\/h5><p style=\"padding-left: 80px;\">Se for do interesse do utilizador n\u00e3o mais ser contactado pela EcoGestus e que a EcoGestus n\u00e3o mais guarde os seus dados, dever\u00e1 solicitar por forma expressa a elimina\u00e7\u00e3o dos seus dados das nossas bases de dados.<\/p><h3>4. Cookies<\/h3><p style=\"padding-left: 40px;\">Um &#8220;Cookie&#8221; \u00e9 um pequeno ficheiro que \u00e9 gravado no computador do utilizador, que serve apenas para identificar o computador que est\u00e1 a aceder ao site em quest\u00e3o. Esses ficheiros n\u00e3o cont\u00eam nenhuma informa\u00e7\u00e3o pessoal e s\u00e3o usados exclusivamente por motivos de seguran\u00e7a e para fins estat\u00edsticos.<\/p><p style=\"padding-left: 40px;\">\u00c9 poss\u00edvel definir a maioria dos &#8220;browsers&#8221; de modo a ser notificado sobre a recep\u00e7\u00e3o de um &#8220;cookie&#8221; e at\u00e9 bloquear a respectiva entrada no seu sistema. No entanto, a recusa de cookies no site que se est\u00e1 a visitar pode resultar na impossibilidade de ter acesso a algumas \u00e1reas do site ou de receber informa\u00e7\u00e3o personalizada.<\/p><h5 style=\"padding-left: 40px;\">4.1 &#8211; Que Cookies Utilizamos?<\/h5><p style=\"padding-left: 80px;\">Cookies T\u00e9cnicos\u00a0&#8211; S\u00e3o cookies de sess\u00e3o, identifica\u00e7\u00e3o, configura\u00e7\u00e3o e registo, estritamente necess\u00e1rio para identificar e fornecer os servi\u00e7os solicitados. A informa\u00e7\u00e3o obtida atrav\u00e9s deles \u00e9 tratada apenas pela EcoGestus;<\/p><p style=\"padding-left: 80px;\">Cookies de An\u00e1lise\u00a0&#8211; Aqueles que s\u00e3o bem tratados por n\u00f3s ou por terceiros. Permite-nos gr\u00e1ficamente, quantificar o n\u00famero de utilizadores e realizar an\u00e1lise estat\u00edstica do uso e servi\u00e7o oferecido. Permite melhorar o fornecimento de produtos ou servi\u00e7os oferecidos.<\/p><h5 style=\"padding-left: 40px;\">4.2 &#8211; Como Desativar um Cookie?<\/h5><p style=\"padding-left: 80px;\">A maioria dos navegadores, mostra como configurar o navegador de forma a poder permitir ou n\u00e3o o uso de Cookies.<br \/>Para controlar o uso de Cookies, configure atrav\u00e9s do navegador.<\/p><h5 style=\"padding-left: 40px;\">4.3 &#8211; Como Configurar Cookies nos V\u00e1rios Navegadores?<\/h5><p style=\"padding-left: 80px;\">Chrome:\u00a0https:\/\/support.google.com\/chrome\/answer\/95647?hl=pt<br \/>Firefox:\u00a0https:\/\/support.mozilla.org\/pt-BR\/kb\/cookies-informacoes-armazenadas-por-sites-em-seu-c<br \/>Explorer:\u00a0https:\/\/support.microsoft.com\/pt-pt\/help\/17442\/windows-internet-explorer-delete-manage-cookies<br \/>Safari:\u00a0https:\/\/translate.google.com\/translate?hl=en&amp;sl=en&amp;tl=pt&amp;u=http%3A%2F%2Fsupport.apple.com%2Fkb%2Fph5042&amp;sandbox=1<\/p><h3>5. Newsletter<\/h3><p style=\"padding-left: 40px;\">O servi\u00e7o de Newsletter oferecido no site permite aos utilizadores a possibilidade de fornecer o endere\u00e7o de e-mail de terceiros que estejam interessados em receber informa\u00e7\u00f5es e\/ou newsletters em seu nome. O utilizador toma conhecimento de que um terceiro endere\u00e7o de e-mail \u00e9 uma forma de &#8220;dados pessoais&#8221;, nos termos da lei actual e que o fornecimento do endere\u00e7o de correio electr\u00f3nico de um terceiro destinat\u00e1rio da mensagem comercial representa uma forma de tratamento de dados pessoais para qual o utilizador se torna o controlador do tratamento dos dados, assumindo todas as obriga\u00e7\u00f5es e consequentemente responsabilidade nos termos da lei. A este respeito, o utilizador garante [privacy_at] EcoGestus, que o endere\u00e7o de e-mail fornecido pode ser posteriormente utilizado. A este respeito, o utilizador exclui-nos totalmente contra qualquer queixa, reclama\u00e7\u00e3o, pedido de indemniza\u00e7\u00e3o, em consequ\u00eancia do tratamento, etc. que possamos receber do propriet\u00e1rio do e-mail indicado pelo utilizador em viola\u00e7\u00e3o das regras das leis de protec\u00e7\u00e3o de dados pessoais.<\/p><h3>6. Liga\u00e7\u00f5es a Websites de Terceiros<\/h3><p style=\"padding-left: 40px;\">O website possui liga\u00e7\u00f5es para outros websites, os quais, a nosso ver, podem conter informa\u00e7\u00f5es \/ ferramentas \u00fateis para os visitantes. A nossa Pol\u00edtica de Privacidade n\u00e3o \u00e9 aplicada a websites de terceiros, pelo que, caso visite outro website a partir do nosso dever\u00e1 ler a Pol\u00edtica de Privacidade do mesmo. N\u00e3o nos responsabilizamos pela pol\u00edtica de privacidade ou conte\u00fado presente nesses mesmos websites de terceiros.<\/p><h4>\u00a0<\/h4><h4>Controlador de Dados<\/h4><p><b>EcoGestus LDA.<\/b><\/p><p>Rua 30 de junho, 14<br \/>3090 401 Alhadas, Figueira da Foz<\/p><p>\u00a0<\/p><p><b>E-mail:<\/b> <a href=\"mailto:contacto@ecogestus.com\">contacto@ecogestus.com<\/a><\/p><p><b>Telefone:<\/b> +351 965 784 613<\/p><p>\u00a9 EcoGestus<\/p>\t\t\t\t\t\t\t\t<\/div>\n\t\t\t\t<\/div>\n\t\t\t\t\t<\/div>\n\t\t<\/div>\n\t\t\t\t\t<\/div>\n\t\t<\/section>\n\t\t\t\t<\/div>\n\t\t","protected":false},"excerpt":{"rendered":"<p>1. Acesso ao Website A EcoGestus esfor\u00e7a-se por manter o website acess\u00edvel a todos os seus utilizadores, sem no entanto, ter a obriga\u00e7\u00e3o de o manter sempre dispon\u00edvel. Por necessidade de manuten\u00e7\u00e3o, atualiza\u00e7\u00e3o, ou por qualquer outra raz\u00e3o nomeadamente de ordem t\u00e9cnica, o acesso ao website poder\u00e1 ser interrompido. A EcoGestus n\u00e3o poder\u00e1 de forma [&hellip;]<\/p>\n","protected":false},"author":23,"featured_media":0,"parent":0,"menu_order":0,"comment_status":"closed","ping_status":"closed","template":"elementor_header_footer","meta":{"footnotes":""},"class_list":["post-4808","page","type-page","status-publish","hentry"],"_links":{"self":[{"href":"https:\/\/www.ecogestus.com\/pt\/wp-json\/wp\/v2\/pages\/4808","targetHints":{"allow":["GET"]}}],"collection":[{"href":"https:\/\/www.ecogestus.com\/pt\/wp-json\/wp\/v2\/pages"}],"about":[{"href":"https:\/\/www.ecogestus.com\/pt\/wp-json\/wp\/v2\/types\/page"}],"author":[{"embeddable":true,"href":"https:\/\/www.ecogestus.com\/pt\/wp-json\/wp\/v2\/users\/23"}],"replies":[{"embeddable":true,"href":"https:\/\/www.ecogestus.com\/pt\/wp-json\/wp\/v2\/comments?post=4808"}],"version-history":[{"count":4,"href":"https:\/\/www.ecogestus.com\/pt\/wp-json\/wp\/v2\/pages\/4808\/revisions"}],"predecessor-version":[{"id":4814,"href":"https:\/\/www.ecogestus.com\/pt\/wp-json\/wp\/v2\/pages\/4808\/revisions\/4814"}],"wp:attachment":[{"href":"https:\/\/www.ecogestus.com\/pt\/wp-json\/wp\/v2\/media?parent=4808"}],"curies":[{"name":"wp","href":"https:\/\/api.w.org\/{rel}","templated":true}]}}