{"id":4493,"date":"2023-03-31T16:00:14","date_gmt":"2023-03-31T15:00:14","guid":{"rendered":"https:\/\/www.ecogestus.com\/pt\/?page_id=4493"},"modified":"2023-04-17T18:27:41","modified_gmt":"2023-04-17T17:27:41","slug":"quem-somos","status":"publish","type":"page","link":"https:\/\/www.ecogestus.com\/pt\/quem-somos\/","title":{"rendered":"Quem Somos"},"content":{"rendered":"\t\t<div data-elementor-type=\"wp-page\" data-elementor-id=\"4493\" class=\"elementor elementor-4493\">\n\t\t\t\t\t\t<section class=\"elementor-section elementor-top-section elementor-element elementor-element-14fda3d4 elementor-section-height-min-height elementor-section-content-top elementor-section-boxed elementor-section-height-default elementor-section-items-middle\" data-id=\"14fda3d4\" data-element_type=\"section\" data-e-type=\"section\" data-settings=\"{&quot;background_background&quot;:&quot;classic&quot;}\">\n\t\t\t\t\t\t<div class=\"elementor-container elementor-column-gap-default\">\n\t\t\t\t\t<div class=\"elementor-column elementor-col-100 elementor-top-column elementor-element elementor-element-3602ba0c\" data-id=\"3602ba0c\" data-element_type=\"column\" data-e-type=\"column\">\n\t\t\t<div class=\"elementor-widget-wrap elementor-element-populated\">\n\t\t\t\t\t\t<div class=\"elementor-element elementor-element-15ca8dc elementor-widget elementor-widget-heading\" data-id=\"15ca8dc\" data-element_type=\"widget\" data-e-type=\"widget\" data-widget_type=\"heading.default\">\n\t\t\t\t<div class=\"elementor-widget-container\">\n\t\t\t\t\t<h2 class=\"elementor-heading-title elementor-size-default\">Quem Somos<\/h2>\t\t\t\t<\/div>\n\t\t\t\t<\/div>\n\t\t\t\t<div class=\"elementor-element elementor-element-0b0617b elementor-widget elementor-widget-text-editor\" data-id=\"0b0617b\" data-element_type=\"widget\" data-e-type=\"widget\" data-widget_type=\"text-editor.default\">\n\t\t\t\t<div class=\"elementor-widget-container\">\n\t\t\t\t\t\t\t\t\t<p>Desde 2005, combinamos elevada especializa\u00e7\u00e3o anal\u00edtica e operacional, <br \/>no \u00e2mbito da gest\u00e3o de res\u00edduos e limpeza urbana<\/p>\t\t\t\t\t\t\t\t<\/div>\n\t\t\t\t<\/div>\n\t\t\t\t\t<\/div>\n\t\t<\/div>\n\t\t\t\t\t<\/div>\n\t\t<\/section>\n\t\t\t\t<section class=\"elementor-section elementor-top-section elementor-element elementor-element-a9b62ba elementor-section-boxed elementor-section-height-default elementor-section-height-default\" data-id=\"a9b62ba\" data-element_type=\"section\" data-e-type=\"section\">\n\t\t\t\t\t\t<div class=\"elementor-container elementor-column-gap-default\">\n\t\t\t\t\t<div class=\"elementor-column elementor-col-100 elementor-top-column elementor-element elementor-element-caeb842\" data-id=\"caeb842\" data-element_type=\"column\" data-e-type=\"column\">\n\t\t\t<div class=\"elementor-widget-wrap elementor-element-populated\">\n\t\t\t\t\t\t<div class=\"elementor-element elementor-element-8068002 elementor-widget elementor-widget-text-editor\" data-id=\"8068002\" data-element_type=\"widget\" data-e-type=\"widget\" data-widget_type=\"text-editor.default\">\n\t\t\t\t<div class=\"elementor-widget-container\">\n\t\t\t\t\t\t\t\t\t<p><span style=\"font-weight: 400;\">A ECOGESTUS apresenta equipas multidisciplinares nos trabalhos que realiza, recorrendo a pessoas com experi\u00eancia em \u00e1reas espec\u00edficas, desde engenharia \u00e0 biologia, passando pela arquitetura.<\/span><\/p><p><span style=\"font-weight: 400;\">O trabalho de campo realizado desde 2005 permite-nos garantir que as equipas formadas especificamente para cada projeto tenham um conhecimento profundo do contexto. As solu\u00e7\u00f5es indicadas s\u00e3o revistas sob v\u00e1rios pontos de vista, nomeadamente ao n\u00edvel t\u00e9cnico, econ\u00f3mico, social e ambiental.<\/span><\/p><p><span style=\"font-weight: 400;\">Neste sentido, evidencia-se que as solu\u00e7\u00f5es propostas pela ECOGESTUS v\u00e3o beneficiar a Gest\u00e3o dos <\/span><span style=\"font-weight: 400;\">Recursos,<\/span><span style=\"font-weight: 400;\"> fomentar a integra\u00e7\u00e3o das comunidades, a cria\u00e7\u00e3o de emprego e a gera\u00e7\u00e3o de rendimento a n\u00edvel loca<\/span><span style=\"font-weight: 400;\">l.<\/span><\/p>\t\t\t\t\t\t\t\t<\/div>\n\t\t\t\t<\/div>\n\t\t\t\t\t<\/div>\n\t\t<\/div>\n\t\t\t\t\t<\/div>\n\t\t<\/section>\n\t\t\t\t<section class=\"elementor-section elementor-top-section elementor-element elementor-element-c088cae elementor-section-height-min-height elementor-section-content-top elementor-section-boxed elementor-section-height-default elementor-section-items-middle\" data-id=\"c088cae\" data-element_type=\"section\" data-e-type=\"section\" data-settings=\"{&quot;background_background&quot;:&quot;classic&quot;}\">\n\t\t\t\t\t\t<div class=\"elementor-container elementor-column-gap-default\">\n\t\t\t\t\t<div class=\"elementor-column elementor-col-50 elementor-top-column elementor-element elementor-element-7780f05\" data-id=\"7780f05\" data-element_type=\"column\" data-e-type=\"column\">\n\t\t\t<div class=\"elementor-widget-wrap elementor-element-populated\">\n\t\t\t\t\t\t<div class=\"elementor-element elementor-element-4cce416 elementor-widget elementor-widget-text-editor\" data-id=\"4cce416\" data-element_type=\"widget\" data-e-type=\"widget\" data-widget_type=\"text-editor.default\">\n\t\t\t\t<div class=\"elementor-widget-container\">\n\t\t\t\t\t\t\t\t\t<p>Somos parceiros de organiza\u00e7\u00f5es privadas, p\u00fablicas, ONGs e de outras empresas.<br \/>Os nossos clientes definem-nos:<\/p><p><strong>Empresas privadas<\/strong> <br \/>Prestadores de servi\u00e7os na \u00e1rea da recolha e tratamento de res\u00edduos.<\/p><p><strong>Munic\u00edpios<\/strong><br \/>Desde o norte ao sul do pa\u00eds, passando pelas Ilhas, j\u00e1 trabalh\u00e1mos com diversas autarquias.<\/p><p><strong>Mo\u00e7ambique<\/strong><br \/>Projet\u00e1mos infraestruturas e desenh\u00e1mos planos de res\u00edduos, al\u00e9m de trabalhos de caracteriza\u00e7\u00e3o.<\/p><p><strong>S\u00e3o Tom\u00e9 e Pr\u00edncipe<\/strong>\u00a0<br \/>Desenho do Plano Nacional de Res\u00edduos (2012) e respetiva revis\u00e3o (2018).<\/p><p><strong>RD Congo<br \/><\/strong>An\u00e1lise \u00e0 recolha em Kolwezi, Lumbumbashi e Kinshasa, as maiores cidades do pa\u00eds.<\/p><p><strong>Nig\u00e9ria<br \/><\/strong>Consultoria em parceria com a CH Consulting para o Banco Mundial, versando a melhoria da gest\u00e3o de res\u00edduos.<\/p><p><strong>Entidades beneficentes, ONG&#8217;s e outras organiza\u00e7\u00f5es com atua\u00e7\u00e3o em quest\u00f5es ambientais<\/strong>\u00a0<\/p>\t\t\t\t\t\t\t\t<\/div>\n\t\t\t\t<\/div>\n\t\t\t\t\t<\/div>\n\t\t<\/div>\n\t\t\t\t<div class=\"elementor-column elementor-col-50 elementor-top-column elementor-element elementor-element-d551d3b\" data-id=\"d551d3b\" data-element_type=\"column\" data-e-type=\"column\">\n\t\t\t<div class=\"elementor-widget-wrap\">\n\t\t\t\t\t\t\t<\/div>\n\t\t<\/div>\n\t\t\t\t\t<\/div>\n\t\t<\/section>\n\t\t\t\t<section class=\"elementor-section elementor-top-section elementor-element elementor-element-33b5b35 elementor-section-boxed elementor-section-height-default elementor-section-height-default\" data-id=\"33b5b35\" data-element_type=\"section\" data-e-type=\"section\">\n\t\t\t\t\t\t<div class=\"elementor-container elementor-column-gap-default\">\n\t\t\t\t\t<div class=\"elementor-column elementor-col-100 elementor-top-column elementor-element elementor-element-f007265\" data-id=\"f007265\" data-element_type=\"column\" data-e-type=\"column\">\n\t\t\t<div class=\"elementor-widget-wrap elementor-element-populated\">\n\t\t\t\t\t\t<div class=\"elementor-element elementor-element-3549858 elementor-widget elementor-widget-text-editor\" data-id=\"3549858\" data-element_type=\"widget\" data-e-type=\"widget\" data-widget_type=\"text-editor.default\">\n\t\t\t\t<div class=\"elementor-widget-container\">\n\t\t\t\t\t\t\t\t\t<p>Quaisquer que sejam as necessidades de consultoria ambiental dos nossos clientes, daremos uma resposta assertiva e focalizada no desafio colocado.<\/p>\t\t\t\t\t\t\t\t<\/div>\n\t\t\t\t<\/div>\n\t\t\t\t<div class=\"elementor-element elementor-element-ab83edb elementor-align-center elementor-widget elementor-widget-button\" data-id=\"ab83edb\" data-element_type=\"widget\" data-e-type=\"widget\" data-widget_type=\"button.default\">\n\t\t\t\t<div class=\"elementor-widget-container\">\n\t\t\t\t\t\t\t\t\t<div class=\"elementor-button-wrapper\">\n\t\t\t\t\t<a class=\"elementor-button elementor-button-link elementor-size-sm\" href=\"https:\/\/www.ecogestus.com\/pt\/contactos\/\">\n\t\t\t\t\t\t<span class=\"elementor-button-content-wrapper\">\n\t\t\t\t\t\t\t\t\t<span class=\"elementor-button-text\">contacte-nos<\/span>\n\t\t\t\t\t<\/span>\n\t\t\t\t\t<\/a>\n\t\t\t\t<\/div>\n\t\t\t\t\t\t\t\t<\/div>\n\t\t\t\t<\/div>\n\t\t\t\t\t<\/div>\n\t\t<\/div>\n\t\t\t\t\t<\/div>\n\t\t<\/section>\n\t\t\t\t<\/div>\n\t\t","protected":false},"excerpt":{"rendered":"<p>Quem Somos Desde 2005, combinamos elevada especializa\u00e7\u00e3o anal\u00edtica e operacional, no \u00e2mbito da gest\u00e3o de res\u00edduos e limpeza urbana A ECOGESTUS apresenta equipas multidisciplinares nos trabalhos que realiza, recorrendo a pessoas com experi\u00eancia em \u00e1reas espec\u00edficas, desde engenharia \u00e0 biologia, passando pela arquitetura. O trabalho de campo realizado desde 2005 permite-nos garantir que as equipas [&hellip;]<\/p>\n","protected":false},"author":2,"featured_media":0,"parent":0,"menu_order":0,"comment_status":"closed","ping_status":"closed","template":"elementor_header_footer","meta":{"footnotes":""},"class_list":["post-4493","page","type-page","status-publish","hentry"],"_links":{"self":[{"href":"https:\/\/www.ecogestus.com\/pt\/wp-json\/wp\/v2\/pages\/4493","targetHints":{"allow":["GET"]}}],"collection":[{"href":"https:\/\/www.ecogestus.com\/pt\/wp-json\/wp\/v2\/pages"}],"about":[{"href":"https:\/\/www.ecogestus.com\/pt\/wp-json\/wp\/v2\/types\/page"}],"author":[{"embeddable":true,"href":"https:\/\/www.ecogestus.com\/pt\/wp-json\/wp\/v2\/users\/2"}],"replies":[{"embeddable":true,"href":"https:\/\/www.ecogestus.com\/pt\/wp-json\/wp\/v2\/comments?post=4493"}],"version-history":[{"count":46,"href":"https:\/\/www.ecogestus.com\/pt\/wp-json\/wp\/v2\/pages\/4493\/revisions"}],"predecessor-version":[{"id":4786,"href":"https:\/\/www.ecogestus.com\/pt\/wp-json\/wp\/v2\/pages\/4493\/revisions\/4786"}],"wp:attachment":[{"href":"https:\/\/www.ecogestus.com\/pt\/wp-json\/wp\/v2\/media?parent=4493"}],"curies":[{"name":"wp","href":"https:\/\/api.w.org\/{rel}","templated":true}]}}