{"id":4497,"date":"2023-03-31T16:01:16","date_gmt":"2023-03-31T15:01:16","guid":{"rendered":"https:\/\/www.ecogestus.com\/pt\/?page_id=4497"},"modified":"2023-04-17T18:28:33","modified_gmt":"2023-04-17T17:28:33","slug":"publicacoes","status":"publish","type":"page","link":"https:\/\/www.ecogestus.com\/pt\/en\/publicacoes\/","title":{"rendered":"Publications"},"content":{"rendered":"<div data-elementor-type=\"wp-page\" data-elementor-id=\"4497\" class=\"elementor elementor-4497\">\n\t\t\t\t\t\t<section class=\"elementor-section elementor-top-section elementor-element elementor-element-dd22e73 elementor-section-height-min-height elementor-section-content-top elementor-section-boxed elementor-section-height-default elementor-section-items-middle\" data-id=\"dd22e73\" data-element_type=\"section\" data-e-type=\"section\" data-settings=\"{&quot;background_background&quot;:&quot;classic&quot;}\">\n\t\t\t\t\t\t<div class=\"elementor-container elementor-column-gap-default\">\n\t\t\t\t\t<div class=\"elementor-column elementor-col-100 elementor-top-column elementor-element elementor-element-7ec44b37\" data-id=\"7ec44b37\" data-element_type=\"column\" data-e-type=\"column\">\n\t\t\t<div class=\"elementor-widget-wrap elementor-element-populated\">\n\t\t\t\t\t\t<section class=\"elementor-section elementor-inner-section elementor-element elementor-element-b5a76d elementor-section-content-top elementor-section-boxed elementor-section-height-default elementor-section-height-default\" data-id=\"b5a76d\" data-element_type=\"section\" data-e-type=\"section\">\n\t\t\t\t\t\t<div class=\"elementor-container elementor-column-gap-default\">\n\t\t\t\t\t<div class=\"elementor-column elementor-col-100 elementor-inner-column elementor-element elementor-element-896d81a\" data-id=\"896d81a\" data-element_type=\"column\" data-e-type=\"column\">\n\t\t\t<div class=\"elementor-widget-wrap elementor-element-populated\">\n\t\t\t\t\t\t<div class=\"elementor-element elementor-element-68f5e129 elementor-widget elementor-widget-heading\" data-id=\"68f5e129\" data-element_type=\"widget\" data-e-type=\"widget\" data-widget_type=\"heading.default\">\n\t\t\t\t<div class=\"elementor-widget-container\">\n\t\t\t\t\t<h2 class=\"elementor-heading-title elementor-size-default\">Publications<\/h2>\t\t\t\t<\/div>\n\t\t\t\t<\/div>\n\t\t\t\t<div class=\"elementor-element elementor-element-5c3b3ec1 elementor-widget elementor-widget-text-editor\" data-id=\"5c3b3ec1\" data-element_type=\"widget\" data-e-type=\"widget\" data-widget_type=\"text-editor.default\">\n\t\t\t\t<div class=\"elementor-widget-container\">\n\t\t\t\t\t\t\t\t\t<p>Our Publications: Knowledge and Insights for a More Sustainable Future<\/p>\t\t\t\t\t\t\t\t<\/div>\n\t\t\t\t<\/div>\n\t\t\t\t\t<\/div>\n\t\t<\/div>\n\t\t\t\t\t<\/div>\n\t\t<\/section>\n\t\t\t\t\t<\/div>\n\t\t<\/div>\n\t\t\t\t\t<\/div>\n\t\t<\/section>\n\t\t\t\t<section class=\"elementor-section elementor-top-section elementor-element elementor-element-42a6875e elementor-section-boxed elementor-section-height-default elementor-section-height-default\" data-id=\"42a6875e\" data-element_type=\"section\" data-e-type=\"section\">\n\t\t\t\t\t\t<div class=\"elementor-container elementor-column-gap-default\">\n\t\t\t\t\t<div class=\"elementor-column elementor-col-100 elementor-top-column elementor-element elementor-element-c9b9ddc\" data-id=\"c9b9ddc\" data-element_type=\"column\" data-e-type=\"column\">\n\t\t\t<div class=\"elementor-widget-wrap elementor-element-populated\">\n\t\t\t\t\t\t<div class=\"elementor-element elementor-element-5b47713 elementor-icon-list--layout-inline elementor-list-item-link-full_width elementor-widget elementor-widget-icon-list\" data-id=\"5b47713\" data-element_type=\"widget\" data-e-type=\"widget\" data-widget_type=\"icon-list.default\">\n\t\t\t\t<div class=\"elementor-widget-container\">\n\t\t\t\t\t\t\t<ul class=\"elementor-icon-list-items elementor-inline-items\">\n\t\t\t\t\t\t\t<li class=\"elementor-icon-list-item elementor-inline-item\">\n\t\t\t\t\t\t\t\t\t\t\t<span class=\"elementor-icon-list-icon\">\n\t\t\t\t\t\t\t<svg xmlns=\"http:\/\/www.w3.org\/2000\/svg\" id=\"Capa_1\" height=\"512\" viewbox=\"0 0 509.36 509.36\" width=\"512\"><g id=\"XMLID_425_\"><path id=\"XMLID_426_\" d=\"m110.29 112.41c-75.59 75.59-79 196.03-10.21 275.66l76.752-76.752v-105.897h30v75.897l52.158-52.158v-105.897h30v75.897l80.99-80.99 21.21 21.21-80.534 80.534h72.509v30h-102.509l-52.156 52.156-.003.003h72.509v30h-102.509l-77.207 77.207c79.63 68.79 200.07 65.38 275.66-10.21 79.16-79.16 112.41-399.07 112.41-399.07s-319.91 33.25-399.07 112.41z\"><\/path><path id=\"XMLID_427_\" d=\"m100.08 388.07-100.08 100.08 21.21 21.21 100.08-100.08c-3.76-3.23-7.43-6.64-11-10.21s-6.98-7.24-10.21-11z\"><\/path><\/g><\/svg>\t\t\t\t\t\t<\/span>\n\t\t\t\t\t\t\t\t\t\t<span class=\"elementor-icon-list-text\">Vaz, J., Ganziuc, O., Benvindo, M., Almeida, F., Santos, R., Pinto, J. (2022) O Canal Horeca e os Desafios de Gest\u00e3o de Biorres\u00edduos. 20.\u00ba ENASB, Cascais<\/span>\n\t\t\t\t\t\t\t\t\t<\/li>\n\t\t\t\t\t\t\t\t<li class=\"elementor-icon-list-item elementor-inline-item\">\n\t\t\t\t\t\t\t\t\t\t\t<span class=\"elementor-icon-list-icon\">\n\t\t\t\t\t\t\t<svg xmlns=\"http:\/\/www.w3.org\/2000\/svg\" id=\"Capa_1\" height=\"512\" viewbox=\"0 0 509.36 509.36\" width=\"512\"><g id=\"XMLID_425_\"><path id=\"XMLID_426_\" d=\"m110.29 112.41c-75.59 75.59-79 196.03-10.21 275.66l76.752-76.752v-105.897h30v75.897l52.158-52.158v-105.897h30v75.897l80.99-80.99 21.21 21.21-80.534 80.534h72.509v30h-102.509l-52.156 52.156-.003.003h72.509v30h-102.509l-77.207 77.207c79.63 68.79 200.07 65.38 275.66-10.21 79.16-79.16 112.41-399.07 112.41-399.07s-319.91 33.25-399.07 112.41z\"><\/path><path id=\"XMLID_427_\" d=\"m100.08 388.07-100.08 100.08 21.21 21.21 100.08-100.08c-3.76-3.23-7.43-6.64-11-10.21s-6.98-7.24-10.21-11z\"><\/path><\/g><\/svg>\t\t\t\t\t\t<\/span>\n\t\t\t\t\t\t\t\t\t\t<span class=\"elementor-icon-list-text\">Vaz, J., Ganziuc, O., Benvindo, M., Pinto, J. (2021) Implementa\u00e7\u00e3o da Compostagem Comunit\u00e1ria em Silves \u2013 O Projeto \u201cSilves a Compostar da Terra ao Mar\u201d. 19.\u00ba ENASB\/12\u00aa JTIR, Viseu<\/span>\n\t\t\t\t\t\t\t\t\t<\/li>\n\t\t\t\t\t\t\t\t<li class=\"elementor-icon-list-item elementor-inline-item\">\n\t\t\t\t\t\t\t\t\t\t\t<span class=\"elementor-icon-list-icon\">\n\t\t\t\t\t\t\t<svg xmlns=\"http:\/\/www.w3.org\/2000\/svg\" id=\"Capa_1\" height=\"512\" viewbox=\"0 0 509.36 509.36\" width=\"512\"><g id=\"XMLID_425_\"><path id=\"XMLID_426_\" d=\"m110.29 112.41c-75.59 75.59-79 196.03-10.21 275.66l76.752-76.752v-105.897h30v75.897l52.158-52.158v-105.897h30v75.897l80.99-80.99 21.21 21.21-80.534 80.534h72.509v30h-102.509l-52.156 52.156-.003.003h72.509v30h-102.509l-77.207 77.207c79.63 68.79 200.07 65.38 275.66-10.21 79.16-79.16 112.41-399.07 112.41-399.07s-319.91 33.25-399.07 112.41z\"><\/path><path id=\"XMLID_427_\" d=\"m100.08 388.07-100.08 100.08 21.21 21.21 100.08-100.08c-3.76-3.23-7.43-6.64-11-10.21s-6.98-7.24-10.21-11z\"><\/path><\/g><\/svg>\t\t\t\t\t\t<\/span>\n\t\t\t\t\t\t\t\t\t\t<span class=\"elementor-icon-list-text\">Oliveira V, Vaz J M, Sousa V, Dias-Ferreira C. (2014). Who is to blame, Ecopoints, Citizens or Decision Makers? Evaluating source segregation in coastal ''Centro'' region of Portugal. Research Centre for Natural Resources, Environment and Society (CERNAS), College of Agriculture, Polytechnic Institute of Coimbra, Bencanta 3045-601 Coimbra, Portugal. <\/span>\n\t\t\t\t\t\t\t\t\t<\/li>\n\t\t\t\t\t\t\t\t<li class=\"elementor-icon-list-item elementor-inline-item\">\n\t\t\t\t\t\t\t\t\t\t\t<span class=\"elementor-icon-list-icon\">\n\t\t\t\t\t\t\t<svg xmlns=\"http:\/\/www.w3.org\/2000\/svg\" id=\"Capa_1\" height=\"512\" viewbox=\"0 0 509.36 509.36\" width=\"512\"><g id=\"XMLID_425_\"><path id=\"XMLID_426_\" d=\"m110.29 112.41c-75.59 75.59-79 196.03-10.21 275.66l76.752-76.752v-105.897h30v75.897l52.158-52.158v-105.897h30v75.897l80.99-80.99 21.21 21.21-80.534 80.534h72.509v30h-102.509l-52.156 52.156-.003.003h72.509v30h-102.509l-77.207 77.207c79.63 68.79 200.07 65.38 275.66-10.21 79.16-79.16 112.41-399.07 112.41-399.07s-319.91 33.25-399.07 112.41z\"><\/path><path id=\"XMLID_427_\" d=\"m100.08 388.07-100.08 100.08 21.21 21.21 100.08-100.08c-3.76-3.23-7.43-6.64-11-10.21s-6.98-7.24-10.21-11z\"><\/path><\/g><\/svg>\t\t\t\t\t\t<\/span>\n\t\t\t\t\t\t\t\t\t\t<span class=\"elementor-icon-list-text\">Vaz J M, Dias-Ferreira C., Ferreira J S. (2017).  Biowaste separate collection and composting in a Small Island Developing State: The case study of S\u00e3o Tom\u00e9 and Principe, West Africa. Waste Management and Research.  <\/span>\n\t\t\t\t\t\t\t\t\t<\/li>\n\t\t\t\t\t\t\t\t<li class=\"elementor-icon-list-item elementor-inline-item\">\n\t\t\t\t\t\t\t\t\t\t\t<span class=\"elementor-icon-list-icon\">\n\t\t\t\t\t\t\t<svg xmlns=\"http:\/\/www.w3.org\/2000\/svg\" id=\"Capa_1\" height=\"512\" viewbox=\"0 0 509.36 509.36\" width=\"512\"><g id=\"XMLID_425_\"><path id=\"XMLID_426_\" d=\"m110.29 112.41c-75.59 75.59-79 196.03-10.21 275.66l76.752-76.752v-105.897h30v75.897l52.158-52.158v-105.897h30v75.897l80.99-80.99 21.21 21.21-80.534 80.534h72.509v30h-102.509l-52.156 52.156-.003.003h72.509v30h-102.509l-77.207 77.207c79.63 68.79 200.07 65.38 275.66-10.21 79.16-79.16 112.41-399.07 112.41-399.07s-319.91 33.25-399.07 112.41z\"><\/path><path id=\"XMLID_427_\" d=\"m100.08 388.07-100.08 100.08 21.21 21.21 100.08-100.08c-3.76-3.23-7.43-6.64-11-10.21s-6.98-7.24-10.21-11z\"><\/path><\/g><\/svg>\t\t\t\t\t\t<\/span>\n\t\t\t\t\t\t\t\t\t\t<span class=\"elementor-icon-list-text\">Dias-Ferreira C, Valente S, Vaz J M. (2016). Practices of pharmaceutical waste generation and discarding in households across Portugal. Waste Management and Research.  <\/span>\n\t\t\t\t\t\t\t\t\t<\/li>\n\t\t\t\t\t\t\t\t<li class=\"elementor-icon-list-item elementor-inline-item\">\n\t\t\t\t\t\t\t\t\t\t\t<span class=\"elementor-icon-list-icon\">\n\t\t\t\t\t\t\t<svg xmlns=\"http:\/\/www.w3.org\/2000\/svg\" id=\"Capa_1\" height=\"512\" viewbox=\"0 0 509.36 509.36\" width=\"512\"><g id=\"XMLID_425_\"><path id=\"XMLID_426_\" d=\"m110.29 112.41c-75.59 75.59-79 196.03-10.21 275.66l76.752-76.752v-105.897h30v75.897l52.158-52.158v-105.897h30v75.897l80.99-80.99 21.21 21.21-80.534 80.534h72.509v30h-102.509l-52.156 52.156-.003.003h72.509v30h-102.509l-77.207 77.207c79.63 68.79 200.07 65.38 275.66-10.21 79.16-79.16 112.41-399.07 112.41-399.07s-319.91 33.25-399.07 112.41z\"><\/path><path id=\"XMLID_427_\" d=\"m100.08 388.07-100.08 100.08 21.21 21.21 100.08-100.08c-3.76-3.23-7.43-6.64-11-10.21s-6.98-7.24-10.21-11z\"><\/path><\/g><\/svg>\t\t\t\t\t\t<\/span>\n\t\t\t\t\t\t\t\t\t\t<span class=\"elementor-icon-list-text\">Vaz J M, Pe\u010dkyt\u0117, J, Tuma\u0161evi\u010di\u016bt\u0117, R., Dias-Ferreira C. (2015). Compost Quality From Biowaste Treatment In West Africa. 90 Jornadas T\u00e9cnicas Internacionais de Res\u00edduos. <\/span>\n\t\t\t\t\t\t\t\t\t<\/li>\n\t\t\t\t\t\t\t\t<li class=\"elementor-icon-list-item elementor-inline-item\">\n\t\t\t\t\t\t\t\t\t\t\t<span class=\"elementor-icon-list-icon\">\n\t\t\t\t\t\t\t<svg xmlns=\"http:\/\/www.w3.org\/2000\/svg\" id=\"Capa_1\" height=\"512\" viewbox=\"0 0 509.36 509.36\" width=\"512\"><g id=\"XMLID_425_\"><path id=\"XMLID_426_\" d=\"m110.29 112.41c-75.59 75.59-79 196.03-10.21 275.66l76.752-76.752v-105.897h30v75.897l52.158-52.158v-105.897h30v75.897l80.99-80.99 21.21 21.21-80.534 80.534h72.509v30h-102.509l-52.156 52.156-.003.003h72.509v30h-102.509l-77.207 77.207c79.63 68.79 200.07 65.38 275.66-10.21 79.16-79.16 112.41-399.07 112.41-399.07s-319.91 33.25-399.07 112.41z\"><\/path><path id=\"XMLID_427_\" d=\"m100.08 388.07-100.08 100.08 21.21 21.21 100.08-100.08c-3.76-3.23-7.43-6.64-11-10.21s-6.98-7.24-10.21-11z\"><\/path><\/g><\/svg>\t\t\t\t\t\t<\/span>\n\t\t\t\t\t\t\t\t\t\t<span class=\"elementor-icon-list-text\">Plano de Ac\u00e7\u00e3o para a Gest\u00e3o Integrada de Residuos S\u00f3lidos Urbanos - S\u00e3o Tom\u00e9 e Principe, 2011-2016 Volume II \u2013 Op\u00e7\u00f5es Estrat\u00e9gicas. Elaborado por Programa Engenheiros Sem Fronteiras da TESE- Associa\u00e7\u00e3o para o Desenvolvimento e EcoGestus Lda. 2010.<\/span>\n\t\t\t\t\t\t\t\t\t<\/li>\n\t\t\t\t\t\t\t\t<li class=\"elementor-icon-list-item elementor-inline-item\">\n\t\t\t\t\t\t\t\t\t\t\t<span class=\"elementor-icon-list-icon\">\n\t\t\t\t\t\t\t<svg xmlns=\"http:\/\/www.w3.org\/2000\/svg\" id=\"Capa_1\" height=\"512\" viewbox=\"0 0 509.36 509.36\" width=\"512\"><g id=\"XMLID_425_\"><path id=\"XMLID_426_\" d=\"m110.29 112.41c-75.59 75.59-79 196.03-10.21 275.66l76.752-76.752v-105.897h30v75.897l52.158-52.158v-105.897h30v75.897l80.99-80.99 21.21 21.21-80.534 80.534h72.509v30h-102.509l-52.156 52.156-.003.003h72.509v30h-102.509l-77.207 77.207c79.63 68.79 200.07 65.38 275.66-10.21 79.16-79.16 112.41-399.07 112.41-399.07s-319.91 33.25-399.07 112.41z\"><\/path><path id=\"XMLID_427_\" d=\"m100.08 388.07-100.08 100.08 21.21 21.21 100.08-100.08c-3.76-3.23-7.43-6.64-11-10.21s-6.98-7.24-10.21-11z\"><\/path><\/g><\/svg>\t\t\t\t\t\t<\/span>\n\t\t\t\t\t\t\t\t\t\t<span class=\"elementor-icon-list-text\">Vaz J M (2020). Gest\u00e3o de Res\u00edduos -Efic\u00e1cia, economia e emprego - Contributos para a melhoria da gest\u00e3o de res\u00edduos em Nacala-Porto.  <\/span>\n\t\t\t\t\t\t\t\t\t<\/li>\n\t\t\t\t\t\t\t\t<li class=\"elementor-icon-list-item elementor-inline-item\">\n\t\t\t\t\t\t\t\t\t\t\t<span class=\"elementor-icon-list-icon\">\n\t\t\t\t\t\t\t<svg xmlns=\"http:\/\/www.w3.org\/2000\/svg\" id=\"Capa_1\" height=\"512\" viewbox=\"0 0 509.36 509.36\" width=\"512\"><g id=\"XMLID_425_\"><path id=\"XMLID_426_\" d=\"m110.29 112.41c-75.59 75.59-79 196.03-10.21 275.66l76.752-76.752v-105.897h30v75.897l52.158-52.158v-105.897h30v75.897l80.99-80.99 21.21 21.21-80.534 80.534h72.509v30h-102.509l-52.156 52.156-.003.003h72.509v30h-102.509l-77.207 77.207c79.63 68.79 200.07 65.38 275.66-10.21 79.16-79.16 112.41-399.07 112.41-399.07s-319.91 33.25-399.07 112.41z\"><\/path><path id=\"XMLID_427_\" d=\"m100.08 388.07-100.08 100.08 21.21 21.21 100.08-100.08c-3.76-3.23-7.43-6.64-11-10.21s-6.98-7.24-10.21-11z\"><\/path><\/g><\/svg>\t\t\t\t\t\t<\/span>\n\t\t\t\t\t\t\t\t\t\t<span class=\"elementor-icon-list-text\">Dias, S., Vaz, J M., Esteves, N.,  Nhantumbo, T., Mitader, G. (2019). Environmental Packaging Tax in Mozambique. ISWA 2019 World Conference, 7-9 Bilbao, Spain.<\/span>\n\t\t\t\t\t\t\t\t\t<\/li>\n\t\t\t\t\t\t\t\t<li class=\"elementor-icon-list-item elementor-inline-item\">\n\t\t\t\t\t\t\t\t\t\t\t<span class=\"elementor-icon-list-icon\">\n\t\t\t\t\t\t\t<svg xmlns=\"http:\/\/www.w3.org\/2000\/svg\" id=\"Capa_1\" height=\"512\" viewbox=\"0 0 509.36 509.36\" width=\"512\"><g id=\"XMLID_425_\"><path id=\"XMLID_426_\" d=\"m110.29 112.41c-75.59 75.59-79 196.03-10.21 275.66l76.752-76.752v-105.897h30v75.897l52.158-52.158v-105.897h30v75.897l80.99-80.99 21.21 21.21-80.534 80.534h72.509v30h-102.509l-52.156 52.156-.003.003h72.509v30h-102.509l-77.207 77.207c79.63 68.79 200.07 65.38 275.66-10.21 79.16-79.16 112.41-399.07 112.41-399.07s-319.91 33.25-399.07 112.41z\"><\/path><path id=\"XMLID_427_\" d=\"m100.08 388.07-100.08 100.08 21.21 21.21 100.08-100.08c-3.76-3.23-7.43-6.64-11-10.21s-6.98-7.24-10.21-11z\"><\/path><\/g><\/svg>\t\t\t\t\t\t<\/span>\n\t\t\t\t\t\t\t\t\t\t<span class=\"elementor-icon-list-text\">Vaz, J M., Sousa, V., Dias-Ferreira, C. (2019) Benefits of introducing door-to-door separate collection in rural areas. Wastes: Solutions, Treatments and Opportunities III. <\/span>\n\t\t\t\t\t\t\t\t\t<\/li>\n\t\t\t\t\t\t\t\t<li class=\"elementor-icon-list-item elementor-inline-item\">\n\t\t\t\t\t\t\t\t\t\t\t<span class=\"elementor-icon-list-icon\">\n\t\t\t\t\t\t\t<svg xmlns=\"http:\/\/www.w3.org\/2000\/svg\" id=\"Capa_1\" height=\"512\" viewbox=\"0 0 509.36 509.36\" width=\"512\"><g id=\"XMLID_425_\"><path id=\"XMLID_426_\" d=\"m110.29 112.41c-75.59 75.59-79 196.03-10.21 275.66l76.752-76.752v-105.897h30v75.897l52.158-52.158v-105.897h30v75.897l80.99-80.99 21.21 21.21-80.534 80.534h72.509v30h-102.509l-52.156 52.156-.003.003h72.509v30h-102.509l-77.207 77.207c79.63 68.79 200.07 65.38 275.66-10.21 79.16-79.16 112.41-399.07 112.41-399.07s-319.91 33.25-399.07 112.41z\"><\/path><path id=\"XMLID_427_\" d=\"m100.08 388.07-100.08 100.08 21.21 21.21 100.08-100.08c-3.76-3.23-7.43-6.64-11-10.21s-6.98-7.24-10.21-11z\"><\/path><\/g><\/svg>\t\t\t\t\t\t<\/span>\n\t\t\t\t\t\t\t\t\t\t<span class=\"elementor-icon-list-text\">Dias, S., Vaz, J M., Gon\u00e7alves, A., Simango, L. (2018) Municipal Solid Waste Data in the North of Mozambique. ISWA 2018 World Conference, Kuala Lumpur <\/span>\n\t\t\t\t\t\t\t\t\t<\/li>\n\t\t\t\t\t\t\t\t<li class=\"elementor-icon-list-item elementor-inline-item\">\n\t\t\t\t\t\t\t\t\t\t\t<span class=\"elementor-icon-list-icon\">\n\t\t\t\t\t\t\t<svg xmlns=\"http:\/\/www.w3.org\/2000\/svg\" id=\"Capa_1\" height=\"512\" viewbox=\"0 0 509.36 509.36\" width=\"512\"><g id=\"XMLID_425_\"><path id=\"XMLID_426_\" d=\"m110.29 112.41c-75.59 75.59-79 196.03-10.21 275.66l76.752-76.752v-105.897h30v75.897l52.158-52.158v-105.897h30v75.897l80.99-80.99 21.21 21.21-80.534 80.534h72.509v30h-102.509l-52.156 52.156-.003.003h72.509v30h-102.509l-77.207 77.207c79.63 68.79 200.07 65.38 275.66-10.21 79.16-79.16 112.41-399.07 112.41-399.07s-319.91 33.25-399.07 112.41z\"><\/path><path id=\"XMLID_427_\" d=\"m100.08 388.07-100.08 100.08 21.21 21.21 100.08-100.08c-3.76-3.23-7.43-6.64-11-10.21s-6.98-7.24-10.21-11z\"><\/path><\/g><\/svg>\t\t\t\t\t\t<\/span>\n\t\t\t\t\t\t\t\t\t\t<span class=\"elementor-icon-list-text\">Vaz, J. M., Simango, L., Dias, S., Nhantumbo, T., Socre, F. (2018) Estudo sobre as Quantidades e Tipologias de RSU Produzidos no Munic\u00edpio de Nampula. PRODEM - Municipal Development Program. <\/span>\n\t\t\t\t\t\t\t\t\t<\/li>\n\t\t\t\t\t\t\t\t<li class=\"elementor-icon-list-item elementor-inline-item\">\n\t\t\t\t\t\t\t\t\t\t\t<span class=\"elementor-icon-list-icon\">\n\t\t\t\t\t\t\t<svg xmlns=\"http:\/\/www.w3.org\/2000\/svg\" id=\"Capa_1\" height=\"512\" viewbox=\"0 0 509.36 509.36\" width=\"512\"><g id=\"XMLID_425_\"><path id=\"XMLID_426_\" d=\"m110.29 112.41c-75.59 75.59-79 196.03-10.21 275.66l76.752-76.752v-105.897h30v75.897l52.158-52.158v-105.897h30v75.897l80.99-80.99 21.21 21.21-80.534 80.534h72.509v30h-102.509l-52.156 52.156-.003.003h72.509v30h-102.509l-77.207 77.207c79.63 68.79 200.07 65.38 275.66-10.21 79.16-79.16 112.41-399.07 112.41-399.07s-319.91 33.25-399.07 112.41z\"><\/path><path id=\"XMLID_427_\" d=\"m100.08 388.07-100.08 100.08 21.21 21.21 100.08-100.08c-3.76-3.23-7.43-6.64-11-10.21s-6.98-7.24-10.21-11z\"><\/path><\/g><\/svg>\t\t\t\t\t\t<\/span>\n\t\t\t\t\t\t\t\t\t\t<span class=\"elementor-icon-list-text\">Vaz, J. M., Simango, L., Dias, S., Nhantumbo, T. (2018). Campanha de Quantifica\u00e7\u00e3o e Caracteriza\u00e7\u00e3o de Res\u00edduos S\u00f3lidos Urbanos da Cidade de Nacala. PRODEM - Municipal Development Program. <\/span>\n\t\t\t\t\t\t\t\t\t<\/li>\n\t\t\t\t\t\t<\/ul>\n\t\t\t\t\t\t<\/div>\n\t\t\t\t<\/div>\n\t\t\t\t\t<\/div>\n\t\t<\/div>\n\t\t\t\t\t<\/div>\n\t\t<\/section>\n\t\t\t\t<\/div>","protected":false},"excerpt":{"rendered":"<p>Publica\u00e7\u00f5es As nossas Publica\u00e7\u00f5es: Conhecimento e Insights para um Futuro mais Sustent\u00e1vel Vaz, J., Ganziuc, O., Benvindo, M., Almeida, F., Santos, R., Pinto, J. (2022) O Canal Horeca e os Desafios de Gest\u00e3o de Biorres\u00edduos. 20.\u00ba ENASB, Cascais Vaz, J., Ganziuc, O., Benvindo, M., Pinto, J. (2021) Implementa\u00e7\u00e3o da Compostagem Comunit\u00e1ria em Silves \u2013 O [&hellip;]<\/p>","protected":false},"author":2,"featured_media":0,"parent":0,"menu_order":0,"comment_status":"closed","ping_status":"closed","template":"elementor_header_footer","meta":{"footnotes":""},"class_list":["post-4497","page","type-page","status-publish","hentry"],"_links":{"self":[{"href":"https:\/\/www.ecogestus.com\/pt\/en\/wp-json\/wp\/v2\/pages\/4497","targetHints":{"allow":["GET"]}}],"collection":[{"href":"https:\/\/www.ecogestus.com\/pt\/en\/wp-json\/wp\/v2\/pages"}],"about":[{"href":"https:\/\/www.ecogestus.com\/pt\/en\/wp-json\/wp\/v2\/types\/page"}],"author":[{"embeddable":true,"href":"https:\/\/www.ecogestus.com\/pt\/en\/wp-json\/wp\/v2\/users\/2"}],"replies":[{"embeddable":true,"href":"https:\/\/www.ecogestus.com\/pt\/en\/wp-json\/wp\/v2\/comments?post=4497"}],"version-history":[{"count":19,"href":"https:\/\/www.ecogestus.com\/pt\/en\/wp-json\/wp\/v2\/pages\/4497\/revisions"}],"predecessor-version":[{"id":4792,"href":"https:\/\/www.ecogestus.com\/pt\/en\/wp-json\/wp\/v2\/pages\/4497\/revisions\/4792"}],"wp:attachment":[{"href":"https:\/\/www.ecogestus.com\/pt\/en\/wp-json\/wp\/v2\/media?parent=4497"}],"curies":[{"name":"wp","href":"https:\/\/api.w.org\/{rel}","templated":true}]}}