{"id":4495,"date":"2023-03-31T16:00:47","date_gmt":"2023-03-31T15:00:47","guid":{"rendered":"https:\/\/www.ecogestus.com\/pt\/?page_id=4495"},"modified":"2023-04-17T18:28:06","modified_gmt":"2023-04-17T17:28:06","slug":"experiencia","status":"publish","type":"page","link":"https:\/\/www.ecogestus.com\/pt\/en\/experiencia\/","title":{"rendered":"Experience"},"content":{"rendered":"<div data-elementor-type=\"wp-page\" data-elementor-id=\"4495\" class=\"elementor elementor-4495\">\n\t\t\t\t\t\t<section class=\"elementor-section elementor-top-section elementor-element elementor-element-5e5a2090 elementor-section-height-min-height elementor-section-content-top elementor-section-boxed elementor-section-height-default elementor-section-items-middle\" data-id=\"5e5a2090\" data-element_type=\"section\" data-e-type=\"section\" data-settings=\"{&quot;background_background&quot;:&quot;classic&quot;}\">\n\t\t\t\t\t\t<div class=\"elementor-container elementor-column-gap-default\">\n\t\t\t\t\t<div class=\"elementor-column elementor-col-100 elementor-top-column elementor-element elementor-element-6777b5af\" data-id=\"6777b5af\" data-element_type=\"column\" data-e-type=\"column\">\n\t\t\t<div class=\"elementor-widget-wrap elementor-element-populated\">\n\t\t\t\t\t\t<section class=\"elementor-section elementor-inner-section elementor-element elementor-element-5327b714 elementor-section-content-top elementor-section-boxed elementor-section-height-default elementor-section-height-default\" data-id=\"5327b714\" data-element_type=\"section\" data-e-type=\"section\">\n\t\t\t\t\t\t<div class=\"elementor-container elementor-column-gap-default\">\n\t\t\t\t\t<div class=\"elementor-column elementor-col-100 elementor-inner-column elementor-element elementor-element-15695301\" data-id=\"15695301\" data-element_type=\"column\" data-e-type=\"column\">\n\t\t\t<div class=\"elementor-widget-wrap elementor-element-populated\">\n\t\t\t\t\t\t<div class=\"elementor-element elementor-element-4c35ddff elementor-widget elementor-widget-heading\" data-id=\"4c35ddff\" data-element_type=\"widget\" data-e-type=\"widget\" data-widget_type=\"heading.default\">\n\t\t\t\t<div class=\"elementor-widget-container\">\n\t\t\t\t\t<h2 class=\"elementor-heading-title elementor-size-default\">Experience<\/h2>\t\t\t\t<\/div>\n\t\t\t\t<\/div>\n\t\t\t\t<div class=\"elementor-element elementor-element-4b36211d elementor-widget elementor-widget-text-editor\" data-id=\"4b36211d\" data-element_type=\"widget\" data-e-type=\"widget\" data-widget_type=\"text-editor.default\">\n\t\t\t\t<div class=\"elementor-widget-container\">\n\t\t\t\t\t\t\t\t\t<p>Previous projects carried out by our company in urban waste management and urban cleaning<\/p>\t\t\t\t\t\t\t\t<\/div>\n\t\t\t\t<\/div>\n\t\t\t\t\t<\/div>\n\t\t<\/div>\n\t\t\t\t\t<\/div>\n\t\t<\/section>\n\t\t\t\t\t<\/div>\n\t\t<\/div>\n\t\t\t\t\t<\/div>\n\t\t<\/section>\n\t\t\t\t<section class=\"elementor-section elementor-top-section elementor-element elementor-element-3d28bdd0 elementor-section-boxed elementor-section-height-default elementor-section-height-default\" data-id=\"3d28bdd0\" data-element_type=\"section\" data-e-type=\"section\">\n\t\t\t\t\t\t<div class=\"elementor-container elementor-column-gap-default\">\n\t\t\t\t\t<div class=\"elementor-column elementor-col-100 elementor-top-column elementor-element elementor-element-7738bc60\" data-id=\"7738bc60\" data-element_type=\"column\" data-e-type=\"column\">\n\t\t\t<div class=\"elementor-widget-wrap elementor-element-populated\">\n\t\t\t\t\t\t<div class=\"elementor-element elementor-element-904cf41 elementor-icon-list--layout-traditional elementor-list-item-link-full_width elementor-widget elementor-widget-icon-list\" data-id=\"904cf41\" data-element_type=\"widget\" data-e-type=\"widget\" data-widget_type=\"icon-list.default\">\n\t\t\t\t<div class=\"elementor-widget-container\">\n\t\t\t\t\t\t\t<ul class=\"elementor-icon-list-items\">\n\t\t\t\t\t\t\t<li class=\"elementor-icon-list-item\">\n\t\t\t\t\t\t\t\t\t\t\t<span class=\"elementor-icon-list-icon\">\n\t\t\t\t\t\t\t<svg xmlns=\"http:\/\/www.w3.org\/2000\/svg\" id=\"Capa_1\" height=\"512\" viewbox=\"0 0 509.36 509.36\" width=\"512\"><g id=\"XMLID_425_\"><path id=\"XMLID_426_\" d=\"m110.29 112.41c-75.59 75.59-79 196.03-10.21 275.66l76.752-76.752v-105.897h30v75.897l52.158-52.158v-105.897h30v75.897l80.99-80.99 21.21 21.21-80.534 80.534h72.509v30h-102.509l-52.156 52.156-.003.003h72.509v30h-102.509l-77.207 77.207c79.63 68.79 200.07 65.38 275.66-10.21 79.16-79.16 112.41-399.07 112.41-399.07s-319.91 33.25-399.07 112.41z\"><\/path><path id=\"XMLID_427_\" d=\"m100.08 388.07-100.08 100.08 21.21 21.21 100.08-100.08c-3.76-3.23-7.43-6.64-11-10.21s-6.98-7.24-10.21-11z\"><\/path><\/g><\/svg>\t\t\t\t\t\t<\/span>\n\t\t\t\t\t\t\t\t\t\t<span class=\"elementor-icon-list-text\">Development of the Study for Bio-Waste Collection Systems (2021)<\/span>\n\t\t\t\t\t\t\t\t\t<\/li>\n\t\t\t\t\t\t\t\t<li class=\"elementor-icon-list-item\">\n\t\t\t\t\t\t\t\t\t\t\t<span class=\"elementor-icon-list-icon\">\n\t\t\t\t\t\t\t<svg xmlns=\"http:\/\/www.w3.org\/2000\/svg\" id=\"Capa_1\" height=\"512\" viewbox=\"0 0 509.36 509.36\" width=\"512\"><g id=\"XMLID_425_\"><path id=\"XMLID_426_\" d=\"m110.29 112.41c-75.59 75.59-79 196.03-10.21 275.66l76.752-76.752v-105.897h30v75.897l52.158-52.158v-105.897h30v75.897l80.99-80.99 21.21 21.21-80.534 80.534h72.509v30h-102.509l-52.156 52.156-.003.003h72.509v30h-102.509l-77.207 77.207c79.63 68.79 200.07 65.38 275.66-10.21 79.16-79.16 112.41-399.07 112.41-399.07s-319.91 33.25-399.07 112.41z\"><\/path><path id=\"XMLID_427_\" d=\"m100.08 388.07-100.08 100.08 21.21 21.21 100.08-100.08c-3.76-3.23-7.43-6.64-11-10.21s-6.98-7.24-10.21-11z\"><\/path><\/g><\/svg>\t\t\t\t\t\t<\/span>\n\t\t\t\t\t\t\t\t\t\t<span class=\"elementor-icon-list-text\">Implementation and Monitoring of Community Composting in Silves (2021)<\/span>\n\t\t\t\t\t\t\t\t\t<\/li>\n\t\t\t\t\t\t\t\t<li class=\"elementor-icon-list-item\">\n\t\t\t\t\t\t\t\t\t\t\t<span class=\"elementor-icon-list-icon\">\n\t\t\t\t\t\t\t<svg xmlns=\"http:\/\/www.w3.org\/2000\/svg\" id=\"Capa_1\" height=\"512\" viewbox=\"0 0 509.36 509.36\" width=\"512\"><g id=\"XMLID_425_\"><path id=\"XMLID_426_\" d=\"m110.29 112.41c-75.59 75.59-79 196.03-10.21 275.66l76.752-76.752v-105.897h30v75.897l52.158-52.158v-105.897h30v75.897l80.99-80.99 21.21 21.21-80.534 80.534h72.509v30h-102.509l-52.156 52.156-.003.003h72.509v30h-102.509l-77.207 77.207c79.63 68.79 200.07 65.38 275.66-10.21 79.16-79.16 112.41-399.07 112.41-399.07s-319.91 33.25-399.07 112.41z\"><\/path><path id=\"XMLID_427_\" d=\"m100.08 388.07-100.08 100.08 21.21 21.21 100.08-100.08c-3.76-3.23-7.43-6.64-11-10.21s-6.98-7.24-10.21-11z\"><\/path><\/g><\/svg>\t\t\t\t\t\t<\/span>\n\t\t\t\t\t\t\t\t\t\t<span class=\"elementor-icon-list-text\">Implementation of Home and Community Composting in Arganil (2022)<\/span>\n\t\t\t\t\t\t\t\t\t<\/li>\n\t\t\t\t\t\t\t\t<li class=\"elementor-icon-list-item\">\n\t\t\t\t\t\t\t\t\t\t\t<span class=\"elementor-icon-list-icon\">\n\t\t\t\t\t\t\t<svg xmlns=\"http:\/\/www.w3.org\/2000\/svg\" id=\"Capa_1\" height=\"512\" viewbox=\"0 0 509.36 509.36\" width=\"512\"><g id=\"XMLID_425_\"><path id=\"XMLID_426_\" d=\"m110.29 112.41c-75.59 75.59-79 196.03-10.21 275.66l76.752-76.752v-105.897h30v75.897l52.158-52.158v-105.897h30v75.897l80.99-80.99 21.21 21.21-80.534 80.534h72.509v30h-102.509l-52.156 52.156-.003.003h72.509v30h-102.509l-77.207 77.207c79.63 68.79 200.07 65.38 275.66-10.21 79.16-79.16 112.41-399.07 112.41-399.07s-319.91 33.25-399.07 112.41z\"><\/path><path id=\"XMLID_427_\" d=\"m100.08 388.07-100.08 100.08 21.21 21.21 100.08-100.08c-3.76-3.23-7.43-6.64-11-10.21s-6.98-7.24-10.21-11z\"><\/path><\/g><\/svg>\t\t\t\t\t\t<\/span>\n\t\t\t\t\t\t\t\t\t\t<span class=\"elementor-icon-list-text\">Implementation of Home Composting in Condeixa-a-Nova (2022)<\/span>\n\t\t\t\t\t\t\t\t\t<\/li>\n\t\t\t\t\t\t\t\t<li class=\"elementor-icon-list-item\">\n\t\t\t\t\t\t\t\t\t\t\t<span class=\"elementor-icon-list-icon\">\n\t\t\t\t\t\t\t<svg xmlns=\"http:\/\/www.w3.org\/2000\/svg\" id=\"Capa_1\" height=\"512\" viewbox=\"0 0 509.36 509.36\" width=\"512\"><g id=\"XMLID_425_\"><path id=\"XMLID_426_\" d=\"m110.29 112.41c-75.59 75.59-79 196.03-10.21 275.66l76.752-76.752v-105.897h30v75.897l52.158-52.158v-105.897h30v75.897l80.99-80.99 21.21 21.21-80.534 80.534h72.509v30h-102.509l-52.156 52.156-.003.003h72.509v30h-102.509l-77.207 77.207c79.63 68.79 200.07 65.38 275.66-10.21 79.16-79.16 112.41-399.07 112.41-399.07s-319.91 33.25-399.07 112.41z\"><\/path><path id=\"XMLID_427_\" d=\"m100.08 388.07-100.08 100.08 21.21 21.21 100.08-100.08c-3.76-3.23-7.43-6.64-11-10.21s-6.98-7.24-10.21-11z\"><\/path><\/g><\/svg>\t\t\t\t\t\t<\/span>\n\t\t\t\t\t\t\t\t\t\t<span class=\"elementor-icon-list-text\">Physical Characterization of Mixed Waste in Oliveira de Azem\u00e9is (2022)<\/span>\n\t\t\t\t\t\t\t\t\t<\/li>\n\t\t\t\t\t\t\t\t<li class=\"elementor-icon-list-item\">\n\t\t\t\t\t\t\t\t\t\t\t<span class=\"elementor-icon-list-icon\">\n\t\t\t\t\t\t\t<svg xmlns=\"http:\/\/www.w3.org\/2000\/svg\" id=\"Capa_1\" height=\"512\" viewbox=\"0 0 509.36 509.36\" width=\"512\"><g id=\"XMLID_425_\"><path id=\"XMLID_426_\" d=\"m110.29 112.41c-75.59 75.59-79 196.03-10.21 275.66l76.752-76.752v-105.897h30v75.897l52.158-52.158v-105.897h30v75.897l80.99-80.99 21.21 21.21-80.534 80.534h72.509v30h-102.509l-52.156 52.156-.003.003h72.509v30h-102.509l-77.207 77.207c79.63 68.79 200.07 65.38 275.66-10.21 79.16-79.16 112.41-399.07 112.41-399.07s-319.91 33.25-399.07 112.41z\"><\/path><path id=\"XMLID_427_\" d=\"m100.08 388.07-100.08 100.08 21.21 21.21 100.08-100.08c-3.76-3.23-7.43-6.64-11-10.21s-6.98-7.24-10.21-11z\"><\/path><\/g><\/svg>\t\t\t\t\t\t<\/span>\n\t\t\t\t\t\t\t\t\t\t<span class=\"elementor-icon-list-text\">Analysis of Mixed Waste Collection in Portim\u00e3o (2021)<\/span>\n\t\t\t\t\t\t\t\t\t<\/li>\n\t\t\t\t\t\t\t\t<li class=\"elementor-icon-list-item\">\n\t\t\t\t\t\t\t\t\t\t\t<span class=\"elementor-icon-list-icon\">\n\t\t\t\t\t\t\t<svg xmlns=\"http:\/\/www.w3.org\/2000\/svg\" id=\"Capa_1\" height=\"512\" viewbox=\"0 0 509.36 509.36\" width=\"512\"><g id=\"XMLID_425_\"><path id=\"XMLID_426_\" d=\"m110.29 112.41c-75.59 75.59-79 196.03-10.21 275.66l76.752-76.752v-105.897h30v75.897l52.158-52.158v-105.897h30v75.897l80.99-80.99 21.21 21.21-80.534 80.534h72.509v30h-102.509l-52.156 52.156-.003.003h72.509v30h-102.509l-77.207 77.207c79.63 68.79 200.07 65.38 275.66-10.21 79.16-79.16 112.41-399.07 112.41-399.07s-319.91 33.25-399.07 112.41z\"><\/path><path id=\"XMLID_427_\" d=\"m100.08 388.07-100.08 100.08 21.21 21.21 100.08-100.08c-3.76-3.23-7.43-6.64-11-10.21s-6.98-7.24-10.21-11z\"><\/path><\/g><\/svg>\t\t\t\t\t\t<\/span>\n\t\t\t\t\t\t\t\t\t\t<span class=\"elementor-icon-list-text\">Revision of Loul\u00e9 Municipal Regulation of Urban Waste (2022)<\/span>\n\t\t\t\t\t\t\t\t\t<\/li>\n\t\t\t\t\t\t\t\t<li class=\"elementor-icon-list-item\">\n\t\t\t\t\t\t\t\t\t\t\t<span class=\"elementor-icon-list-icon\">\n\t\t\t\t\t\t\t<svg xmlns=\"http:\/\/www.w3.org\/2000\/svg\" id=\"Capa_1\" height=\"512\" viewbox=\"0 0 509.36 509.36\" width=\"512\"><g id=\"XMLID_425_\"><path id=\"XMLID_426_\" d=\"m110.29 112.41c-75.59 75.59-79 196.03-10.21 275.66l76.752-76.752v-105.897h30v75.897l52.158-52.158v-105.897h30v75.897l80.99-80.99 21.21 21.21-80.534 80.534h72.509v30h-102.509l-52.156 52.156-.003.003h72.509v30h-102.509l-77.207 77.207c79.63 68.79 200.07 65.38 275.66-10.21 79.16-79.16 112.41-399.07 112.41-399.07s-319.91 33.25-399.07 112.41z\"><\/path><path id=\"XMLID_427_\" d=\"m100.08 388.07-100.08 100.08 21.21 21.21 100.08-100.08c-3.76-3.23-7.43-6.64-11-10.21s-6.98-7.24-10.21-11z\"><\/path><\/g><\/svg>\t\t\t\t\t\t<\/span>\n\t\t\t\t\t\t\t\t\t\t<span class=\"elementor-icon-list-text\">Development of Specifications for Waste Management and Urban Cleaning in S\u00e3o Jo\u00e3o da Madeira (2017)<\/span>\n\t\t\t\t\t\t\t\t\t<\/li>\n\t\t\t\t\t\t\t\t<li class=\"elementor-icon-list-item\">\n\t\t\t\t\t\t\t\t\t\t\t<span class=\"elementor-icon-list-icon\">\n\t\t\t\t\t\t\t<svg xmlns=\"http:\/\/www.w3.org\/2000\/svg\" id=\"Capa_1\" height=\"512\" viewbox=\"0 0 509.36 509.36\" width=\"512\"><g id=\"XMLID_425_\"><path id=\"XMLID_426_\" d=\"m110.29 112.41c-75.59 75.59-79 196.03-10.21 275.66l76.752-76.752v-105.897h30v75.897l52.158-52.158v-105.897h30v75.897l80.99-80.99 21.21 21.21-80.534 80.534h72.509v30h-102.509l-52.156 52.156-.003.003h72.509v30h-102.509l-77.207 77.207c79.63 68.79 200.07 65.38 275.66-10.21 79.16-79.16 112.41-399.07 112.41-399.07s-319.91 33.25-399.07 112.41z\"><\/path><path id=\"XMLID_427_\" d=\"m100.08 388.07-100.08 100.08 21.21 21.21 100.08-100.08c-3.76-3.23-7.43-6.64-11-10.21s-6.98-7.24-10.21-11z\"><\/path><\/g><\/svg>\t\t\t\t\t\t<\/span>\n\t\t\t\t\t\t\t\t\t\t<span class=\"elementor-icon-list-text\">Identification of Waste Management System on Ibo Island, Mozambique (2017)<\/span>\n\t\t\t\t\t\t\t\t\t<\/li>\n\t\t\t\t\t\t\t\t<li class=\"elementor-icon-list-item\">\n\t\t\t\t\t\t\t\t\t\t\t<span class=\"elementor-icon-list-icon\">\n\t\t\t\t\t\t\t<svg xmlns=\"http:\/\/www.w3.org\/2000\/svg\" id=\"Capa_1\" height=\"512\" viewbox=\"0 0 509.36 509.36\" width=\"512\"><g id=\"XMLID_425_\"><path id=\"XMLID_426_\" d=\"m110.29 112.41c-75.59 75.59-79 196.03-10.21 275.66l76.752-76.752v-105.897h30v75.897l52.158-52.158v-105.897h30v75.897l80.99-80.99 21.21 21.21-80.534 80.534h72.509v30h-102.509l-52.156 52.156-.003.003h72.509v30h-102.509l-77.207 77.207c79.63 68.79 200.07 65.38 275.66-10.21 79.16-79.16 112.41-399.07 112.41-399.07s-319.91 33.25-399.07 112.41z\"><\/path><path id=\"XMLID_427_\" d=\"m100.08 388.07-100.08 100.08 21.21 21.21 100.08-100.08c-3.76-3.23-7.43-6.64-11-10.21s-6.98-7.24-10.21-11z\"><\/path><\/g><\/svg>\t\t\t\t\t\t<\/span>\n\t\t\t\t\t\t\t\t\t\t<span class=\"elementor-icon-list-text\">Implementation of Bio-Waste Collection for HORECA Channel in Silves (2022)<\/span>\n\t\t\t\t\t\t\t\t\t<\/li>\n\t\t\t\t\t\t\t\t<li class=\"elementor-icon-list-item\">\n\t\t\t\t\t\t\t\t\t\t\t<span class=\"elementor-icon-list-icon\">\n\t\t\t\t\t\t\t<svg xmlns=\"http:\/\/www.w3.org\/2000\/svg\" id=\"Capa_1\" height=\"512\" viewbox=\"0 0 509.36 509.36\" width=\"512\"><g id=\"XMLID_425_\"><path id=\"XMLID_426_\" d=\"m110.29 112.41c-75.59 75.59-79 196.03-10.21 275.66l76.752-76.752v-105.897h30v75.897l52.158-52.158v-105.897h30v75.897l80.99-80.99 21.21 21.21-80.534 80.534h72.509v30h-102.509l-52.156 52.156-.003.003h72.509v30h-102.509l-77.207 77.207c79.63 68.79 200.07 65.38 275.66-10.21 79.16-79.16 112.41-399.07 112.41-399.07s-319.91 33.25-399.07 112.41z\"><\/path><path id=\"XMLID_427_\" d=\"m100.08 388.07-100.08 100.08 21.21 21.21 100.08-100.08c-3.76-3.23-7.43-6.64-11-10.21s-6.98-7.24-10.21-11z\"><\/path><\/g><\/svg>\t\t\t\t\t\t<\/span>\n\t\t\t\t\t\t\t\t\t\t<span class=\"elementor-icon-list-text\">Elabora\u00e7\u00e3o do \u201cBreve Guia de Implementa\u00e7\u00e3o do Sistema PAYT nos Munic\u00edpios Portugueses\u201d - PROJETO LIFE PAYT (2021)<\/span>\n\t\t\t\t\t\t\t\t\t<\/li>\n\t\t\t\t\t\t\t\t<li class=\"elementor-icon-list-item\">\n\t\t\t\t\t\t\t\t\t\t\t<span class=\"elementor-icon-list-icon\">\n\t\t\t\t\t\t\t<svg xmlns=\"http:\/\/www.w3.org\/2000\/svg\" id=\"Capa_1\" height=\"512\" viewbox=\"0 0 509.36 509.36\" width=\"512\"><g id=\"XMLID_425_\"><path id=\"XMLID_426_\" d=\"m110.29 112.41c-75.59 75.59-79 196.03-10.21 275.66l76.752-76.752v-105.897h30v75.897l52.158-52.158v-105.897h30v75.897l80.99-80.99 21.21 21.21-80.534 80.534h72.509v30h-102.509l-52.156 52.156-.003.003h72.509v30h-102.509l-77.207 77.207c79.63 68.79 200.07 65.38 275.66-10.21 79.16-79.16 112.41-399.07 112.41-399.07s-319.91 33.25-399.07 112.41z\"><\/path><path id=\"XMLID_427_\" d=\"m100.08 388.07-100.08 100.08 21.21 21.21 100.08-100.08c-3.76-3.23-7.43-6.64-11-10.21s-6.98-7.24-10.21-11z\"><\/path><\/g><\/svg>\t\t\t\t\t\t<\/span>\n\t\t\t\t\t\t\t\t\t\t<span class=\"elementor-icon-list-text\">Comparative Study of Scenarios for the Use of Waste from Hotel Units for CCDRAlgarve (2021)<\/span>\n\t\t\t\t\t\t\t\t\t<\/li>\n\t\t\t\t\t\t\t\t<li class=\"elementor-icon-list-item\">\n\t\t\t\t\t\t\t\t\t\t\t<span class=\"elementor-icon-list-icon\">\n\t\t\t\t\t\t\t<svg xmlns=\"http:\/\/www.w3.org\/2000\/svg\" id=\"Capa_1\" height=\"512\" viewbox=\"0 0 509.36 509.36\" width=\"512\"><g id=\"XMLID_425_\"><path id=\"XMLID_426_\" d=\"m110.29 112.41c-75.59 75.59-79 196.03-10.21 275.66l76.752-76.752v-105.897h30v75.897l52.158-52.158v-105.897h30v75.897l80.99-80.99 21.21 21.21-80.534 80.534h72.509v30h-102.509l-52.156 52.156-.003.003h72.509v30h-102.509l-77.207 77.207c79.63 68.79 200.07 65.38 275.66-10.21 79.16-79.16 112.41-399.07 112.41-399.07s-319.91 33.25-399.07 112.41z\"><\/path><path id=\"XMLID_427_\" d=\"m100.08 388.07-100.08 100.08 21.21 21.21 100.08-100.08c-3.76-3.23-7.43-6.64-11-10.21s-6.98-7.24-10.21-11z\"><\/path><\/g><\/svg>\t\t\t\t\t\t<\/span>\n\t\t\t\t\t\t\t\t\t\t<span class=\"elementor-icon-list-text\">Development and Presentation of the Municipal Waste and Urban Cleaning Plan for Funchal (2021)<\/span>\n\t\t\t\t\t\t\t\t\t<\/li>\n\t\t\t\t\t\t\t\t<li class=\"elementor-icon-list-item\">\n\t\t\t\t\t\t\t\t\t\t\t<span class=\"elementor-icon-list-icon\">\n\t\t\t\t\t\t\t<svg xmlns=\"http:\/\/www.w3.org\/2000\/svg\" id=\"Capa_1\" height=\"512\" viewbox=\"0 0 509.36 509.36\" width=\"512\"><g id=\"XMLID_425_\"><path id=\"XMLID_426_\" d=\"m110.29 112.41c-75.59 75.59-79 196.03-10.21 275.66l76.752-76.752v-105.897h30v75.897l52.158-52.158v-105.897h30v75.897l80.99-80.99 21.21 21.21-80.534 80.534h72.509v30h-102.509l-52.156 52.156-.003.003h72.509v30h-102.509l-77.207 77.207c79.63 68.79 200.07 65.38 275.66-10.21 79.16-79.16 112.41-399.07 112.41-399.07s-319.91 33.25-399.07 112.41z\"><\/path><path id=\"XMLID_427_\" d=\"m100.08 388.07-100.08 100.08 21.21 21.21 100.08-100.08c-3.76-3.23-7.43-6.64-11-10.21s-6.98-7.24-10.21-11z\"><\/path><\/g><\/svg>\t\t\t\t\t\t<\/span>\n\t\t\t\t\t\t\t\t\t\t<span class=\"elementor-icon-list-text\">National Integrated Waste Management Plan for S\u00e3o Tom\u00e9 and Pr\u00edncipe (2018)<\/span>\n\t\t\t\t\t\t\t\t\t<\/li>\n\t\t\t\t\t\t<\/ul>\n\t\t\t\t\t\t<\/div>\n\t\t\t\t<\/div>\n\t\t\t\t\t<\/div>\n\t\t<\/div>\n\t\t\t\t\t<\/div>\n\t\t<\/section>\n\t\t\t\t<\/div>","protected":false},"excerpt":{"rendered":"<p>Experi\u00eancia Projetos anteriores realizados pela nossa empresa em gest\u00e3o de res\u00edduos urbanos e limpeza urbana Elabora\u00e7\u00e3o do Estudo para o Desenvolvimento de Sistemas de Recolha de Biorres\u00edduos (2021) Implementa\u00e7\u00e3o e Monitoriza\u00e7\u00e3o da Compostagem Comunit\u00e1ria em Silves (2021) Implementa\u00e7\u00e3o da Compostagem Dom\u00e9stica e Comunit\u00e1ria em Arganil (2022) Implementa\u00e7\u00e3o da Compostagem Dom\u00e9stica em Condeixa-a-Nova (2022) Caracteriza\u00e7\u00e3o F\u00edsica [&hellip;]<\/p>","protected":false},"author":2,"featured_media":0,"parent":0,"menu_order":0,"comment_status":"closed","ping_status":"closed","template":"elementor_header_footer","meta":{"footnotes":""},"class_list":["post-4495","page","type-page","status-publish","hentry"],"_links":{"self":[{"href":"https:\/\/www.ecogestus.com\/pt\/en\/wp-json\/wp\/v2\/pages\/4495","targetHints":{"allow":["GET"]}}],"collection":[{"href":"https:\/\/www.ecogestus.com\/pt\/en\/wp-json\/wp\/v2\/pages"}],"about":[{"href":"https:\/\/www.ecogestus.com\/pt\/en\/wp-json\/wp\/v2\/types\/page"}],"author":[{"embeddable":true,"href":"https:\/\/www.ecogestus.com\/pt\/en\/wp-json\/wp\/v2\/users\/2"}],"replies":[{"embeddable":true,"href":"https:\/\/www.ecogestus.com\/pt\/en\/wp-json\/wp\/v2\/comments?post=4495"}],"version-history":[{"count":19,"href":"https:\/\/www.ecogestus.com\/pt\/en\/wp-json\/wp\/v2\/pages\/4495\/revisions"}],"predecessor-version":[{"id":4789,"href":"https:\/\/www.ecogestus.com\/pt\/en\/wp-json\/wp\/v2\/pages\/4495\/revisions\/4789"}],"wp:attachment":[{"href":"https:\/\/www.ecogestus.com\/pt\/en\/wp-json\/wp\/v2\/media?parent=4495"}],"curies":[{"name":"wp","href":"https:\/\/api.w.org\/{rel}","templated":true}]}}