{"id":4493,"date":"2023-03-31T16:00:14","date_gmt":"2023-03-31T15:00:14","guid":{"rendered":"https:\/\/www.ecogestus.com\/pt\/?page_id=4493"},"modified":"2023-04-17T18:27:41","modified_gmt":"2023-04-17T17:27:41","slug":"quem-somos","status":"publish","type":"page","link":"https:\/\/www.ecogestus.com\/pt\/en\/quem-somos\/","title":{"rendered":"About Us"},"content":{"rendered":"<div data-elementor-type=\"wp-page\" data-elementor-id=\"4493\" class=\"elementor elementor-4493\">\n\t\t\t\t\t\t<section class=\"elementor-section elementor-top-section elementor-element elementor-element-14fda3d4 elementor-section-height-min-height elementor-section-content-top elementor-section-boxed elementor-section-height-default elementor-section-items-middle\" data-id=\"14fda3d4\" data-element_type=\"section\" data-e-type=\"section\" data-settings=\"{&quot;background_background&quot;:&quot;classic&quot;}\">\n\t\t\t\t\t\t<div class=\"elementor-container elementor-column-gap-default\">\n\t\t\t\t\t<div class=\"elementor-column elementor-col-100 elementor-top-column elementor-element elementor-element-3602ba0c\" data-id=\"3602ba0c\" data-element_type=\"column\" data-e-type=\"column\">\n\t\t\t<div class=\"elementor-widget-wrap elementor-element-populated\">\n\t\t\t\t\t\t<div class=\"elementor-element elementor-element-15ca8dc elementor-widget elementor-widget-heading\" data-id=\"15ca8dc\" data-element_type=\"widget\" data-e-type=\"widget\" data-widget_type=\"heading.default\">\n\t\t\t\t<div class=\"elementor-widget-container\">\n\t\t\t\t\t<h2 class=\"elementor-heading-title elementor-size-default\">About Us<\/h2>\t\t\t\t<\/div>\n\t\t\t\t<\/div>\n\t\t\t\t<div class=\"elementor-element elementor-element-0b0617b elementor-widget elementor-widget-text-editor\" data-id=\"0b0617b\" data-element_type=\"widget\" data-e-type=\"widget\" data-widget_type=\"text-editor.default\">\n\t\t\t\t<div class=\"elementor-widget-container\">\n\t\t\t\t\t\t\t\t\t<p>Since 2005, we have combined high analytical and operational expertise, <br \/>in the field of waste management and urban cleaning.<\/p>\t\t\t\t\t\t\t\t<\/div>\n\t\t\t\t<\/div>\n\t\t\t\t\t<\/div>\n\t\t<\/div>\n\t\t\t\t\t<\/div>\n\t\t<\/section>\n\t\t\t\t<section class=\"elementor-section elementor-top-section elementor-element elementor-element-a9b62ba elementor-section-boxed elementor-section-height-default elementor-section-height-default\" data-id=\"a9b62ba\" data-element_type=\"section\" data-e-type=\"section\">\n\t\t\t\t\t\t<div class=\"elementor-container elementor-column-gap-default\">\n\t\t\t\t\t<div class=\"elementor-column elementor-col-100 elementor-top-column elementor-element elementor-element-caeb842\" data-id=\"caeb842\" data-element_type=\"column\" data-e-type=\"column\">\n\t\t\t<div class=\"elementor-widget-wrap elementor-element-populated\">\n\t\t\t\t\t\t<div class=\"elementor-element elementor-element-8068002 elementor-widget elementor-widget-text-editor\" data-id=\"8068002\" data-element_type=\"widget\" data-e-type=\"widget\" data-widget_type=\"text-editor.default\">\n\t\t\t\t<div class=\"elementor-widget-container\">\n\t\t\t\t\t\t\t\t\t<p><span style=\"font-weight: 400;\">ECOGESTUS presents multidisciplinary teams in the work it carries out, using people with experience in specific areas, from engineering to biology, through architecture.<\/span><\/p><p><span style=\"font-weight: 400;\">The fieldwork carried out since 2005 allows us to ensure that teams specifically formed for each project have a deep knowledge of the context. The solutions indicated are reviewed from various perspectives, including technical, economic, social, and environmental.<\/span><\/p><p><span style=\"font-weight: 400;\">In this sense, it is evident that the solutions proposed by ECOGESTUS will benefit the management of <\/span><span style=\"font-weight: 400;\">Resources,<\/span><span style=\"font-weight: 400;\"> Promote the integration of communities, job creation, and local income generation.<\/span><span style=\"font-weight: 400;\">..<\/span><\/p>\t\t\t\t\t\t\t\t<\/div>\n\t\t\t\t<\/div>\n\t\t\t\t\t<\/div>\n\t\t<\/div>\n\t\t\t\t\t<\/div>\n\t\t<\/section>\n\t\t\t\t<section class=\"elementor-section elementor-top-section elementor-element elementor-element-c088cae elementor-section-height-min-height elementor-section-content-top elementor-section-boxed elementor-section-height-default elementor-section-items-middle\" data-id=\"c088cae\" data-element_type=\"section\" data-e-type=\"section\" data-settings=\"{&quot;background_background&quot;:&quot;classic&quot;}\">\n\t\t\t\t\t\t<div class=\"elementor-container elementor-column-gap-default\">\n\t\t\t\t\t<div class=\"elementor-column elementor-col-50 elementor-top-column elementor-element elementor-element-7780f05\" data-id=\"7780f05\" data-element_type=\"column\" data-e-type=\"column\">\n\t\t\t<div class=\"elementor-widget-wrap elementor-element-populated\">\n\t\t\t\t\t\t<div class=\"elementor-element elementor-element-4cce416 elementor-widget elementor-widget-text-editor\" data-id=\"4cce416\" data-element_type=\"widget\" data-e-type=\"widget\" data-widget_type=\"text-editor.default\">\n\t\t\t\t<div class=\"elementor-widget-container\">\n\t\t\t\t\t\t\t\t\t<p>We are partners of private and public organizations, NGOs, and other companies.<br \/>Our clients define us:<\/p><p><strong>Private companies<\/strong> <br \/>Service providers in the area of waste collection and treatment.<\/p><p><strong>Municipalities<\/strong><br \/>From the north to the south of the country, including the islands, we have worked with several municipalities.<\/p><p><strong>Mozambique<\/strong><br \/>We have designed infrastructures and drawn up waste plans, as well as carried out characterization work.<\/p><p><strong>S\u00e3o Tom\u00e9 and Pr\u00edncipe<\/strong>\u00a0<br \/>Design of the National Waste Plan (2012) and its revision (2018).<\/p><p><strong>RD Congo<br \/><\/strong>Analysis of waste collection in Kolwezi, Lumbumbashi, and Kinshasa, the largest cities in the country.<\/p><p><strong>Nigeria<br \/><\/strong>Consultancy in partnership with CH Consulting for the World Bank, focusing on improving waste management.<\/p><p><strong>Charitable entities, NGOs, and other organizations working on environmental issues.<\/strong>\u00a0<\/p>\t\t\t\t\t\t\t\t<\/div>\n\t\t\t\t<\/div>\n\t\t\t\t\t<\/div>\n\t\t<\/div>\n\t\t\t\t<div class=\"elementor-column elementor-col-50 elementor-top-column elementor-element elementor-element-d551d3b\" data-id=\"d551d3b\" data-element_type=\"column\" data-e-type=\"column\">\n\t\t\t<div class=\"elementor-widget-wrap\">\n\t\t\t\t\t\t\t<\/div>\n\t\t<\/div>\n\t\t\t\t\t<\/div>\n\t\t<\/section>\n\t\t\t\t<section class=\"elementor-section elementor-top-section elementor-element elementor-element-33b5b35 elementor-section-boxed elementor-section-height-default elementor-section-height-default\" data-id=\"33b5b35\" data-element_type=\"section\" data-e-type=\"section\">\n\t\t\t\t\t\t<div class=\"elementor-container elementor-column-gap-default\">\n\t\t\t\t\t<div class=\"elementor-column elementor-col-100 elementor-top-column elementor-element elementor-element-f007265\" data-id=\"f007265\" data-element_type=\"column\" data-e-type=\"column\">\n\t\t\t<div class=\"elementor-widget-wrap elementor-element-populated\">\n\t\t\t\t\t\t<div class=\"elementor-element elementor-element-3549858 elementor-widget elementor-widget-text-editor\" data-id=\"3549858\" data-element_type=\"widget\" data-e-type=\"widget\" data-widget_type=\"text-editor.default\">\n\t\t\t\t<div class=\"elementor-widget-container\">\n\t\t\t\t\t\t\t\t\t<p>Whatever the environmental consultancy needs of our clients, we will provide an assertive response focused on the challenge at hand.<\/p>\t\t\t\t\t\t\t\t<\/div>\n\t\t\t\t<\/div>\n\t\t\t\t<div class=\"elementor-element elementor-element-ab83edb elementor-align-center elementor-widget elementor-widget-button\" data-id=\"ab83edb\" data-element_type=\"widget\" data-e-type=\"widget\" data-widget_type=\"button.default\">\n\t\t\t\t<div class=\"elementor-widget-container\">\n\t\t\t\t\t\t\t\t\t<div class=\"elementor-button-wrapper\">\n\t\t\t\t\t<a class=\"elementor-button elementor-button-link elementor-size-sm\" href=\"https:\/\/www.ecogestus.com\/pt\/en\/contactos\/\">\n\t\t\t\t\t\t<span class=\"elementor-button-content-wrapper\">\n\t\t\t\t\t\t\t\t\t<span class=\"elementor-button-text\">Contact Us<\/span>\n\t\t\t\t\t<\/span>\n\t\t\t\t\t<\/a>\n\t\t\t\t<\/div>\n\t\t\t\t\t\t\t\t<\/div>\n\t\t\t\t<\/div>\n\t\t\t\t\t<\/div>\n\t\t<\/div>\n\t\t\t\t\t<\/div>\n\t\t<\/section>\n\t\t\t\t<\/div>","protected":false},"excerpt":{"rendered":"<p>Quem Somos Desde 2005, combinamos elevada especializa\u00e7\u00e3o anal\u00edtica e operacional, no \u00e2mbito da gest\u00e3o de res\u00edduos e limpeza urbana A ECOGESTUS apresenta equipas multidisciplinares nos trabalhos que realiza, recorrendo a pessoas com experi\u00eancia em \u00e1reas espec\u00edficas, desde engenharia \u00e0 biologia, passando pela arquitetura. O trabalho de campo realizado desde 2005 permite-nos garantir que as equipas [&hellip;]<\/p>","protected":false},"author":2,"featured_media":0,"parent":0,"menu_order":0,"comment_status":"closed","ping_status":"closed","template":"elementor_header_footer","meta":{"footnotes":""},"class_list":["post-4493","page","type-page","status-publish","hentry"],"_links":{"self":[{"href":"https:\/\/www.ecogestus.com\/pt\/en\/wp-json\/wp\/v2\/pages\/4493","targetHints":{"allow":["GET"]}}],"collection":[{"href":"https:\/\/www.ecogestus.com\/pt\/en\/wp-json\/wp\/v2\/pages"}],"about":[{"href":"https:\/\/www.ecogestus.com\/pt\/en\/wp-json\/wp\/v2\/types\/page"}],"author":[{"embeddable":true,"href":"https:\/\/www.ecogestus.com\/pt\/en\/wp-json\/wp\/v2\/users\/2"}],"replies":[{"embeddable":true,"href":"https:\/\/www.ecogestus.com\/pt\/en\/wp-json\/wp\/v2\/comments?post=4493"}],"version-history":[{"count":46,"href":"https:\/\/www.ecogestus.com\/pt\/en\/wp-json\/wp\/v2\/pages\/4493\/revisions"}],"predecessor-version":[{"id":4786,"href":"https:\/\/www.ecogestus.com\/pt\/en\/wp-json\/wp\/v2\/pages\/4493\/revisions\/4786"}],"wp:attachment":[{"href":"https:\/\/www.ecogestus.com\/pt\/en\/wp-json\/wp\/v2\/media?parent=4493"}],"curies":[{"name":"wp","href":"https:\/\/api.w.org\/{rel}","templated":true}]}}